{"id":14,"date":"2025-08-11T07:21:25","date_gmt":"2025-08-11T07:21:25","guid":{"rendered":"https:\/\/greenbean-steam.com\/?page_id=14"},"modified":"2025-08-11T07:21:26","modified_gmt":"2025-08-11T07:21:26","slug":"refund_returns","status":"publish","type":"page","link":"https:\/\/greenbean-steam.com\/vi\/refund_returns\/","title":{"rendered":"Ch\u00ednh s\u00e1ch ho\u00e0n ti\u1ec1n v\u00e0 \u0111\u1ed5i tr\u1ea3"},"content":{"rendered":"<p><strong>C\u00f4ng ty TNHH C\u00f4ng ngh\u1ec7 M\u1ea7m \u0110\u1eadu Xanh<\/strong><br><strong>C\u1eadp nh\u1eadt l\u1ea7n cu\u1ed1i:<\/strong> Ng\u00e0y 11 th\u00e1ng 8 n\u0103m 2025<\/p>\n\n\n\n<p>C\u1ea3m \u01a1n qu\u00fd kh\u00e1ch \u0111\u00e3 mua s\u1eafm t\u1ea1i <strong>C\u00f4ng ty TNHH C\u00f4ng ngh\u1ec7 M\u1ea7m \u0110\u1eadu Xanh<\/strong> t\u1ea1i <strong><a class=\"\" href=\"http:\/\/www.beststeamshop.com\">www.beststeamshop.com<\/a><\/strong>Ch\u00fang t\u00f4i lu\u00f4n n\u1ed7 l\u1ef1c \u0111\u1ec3 \u0111\u1ea3m b\u1ea3o kh\u00e1ch h\u00e0ng h\u00e0i l\u00f2ng v\u1edbi s\u1ea3n ph\u1ea9m c\u1ee7a m\u00ecnh. Vui l\u00f2ng \u0111\u1ecdc k\u1ef9 Ch\u00ednh s\u00e1ch \u0110\u1ed5i tr\u1ea3 v\u00e0 Ho\u00e0n ti\u1ec1n c\u1ee7a ch\u00fang t\u00f4i tr\u01b0\u1edbc khi th\u1ef1c hi\u1ec7n giao d\u1ecbch mua h\u00e0ng.<\/p>\n\n\n\n<hr class=\"wp-block-separator has-alpha-channel-opacity\"\/>\n\n\n\n<h3 class=\"wp-block-heading\">1. <strong>\u0110i\u1ec1u ki\u1ec7n \u0111\u1ec3 \u0111\u01b0\u1ee3c \u0111\u1ed5i tr\u1ea3<\/strong><\/h3>\n\n\n\n<p>Ch\u00fang t\u00f4i ch\u1ea5p nh\u1eadn \u0111\u1ed5i tr\u1ea3 h\u00e0ng trong c\u00e1c tr\u01b0\u1eddng h\u1ee3p sau:<\/p>\n\n\n\n<ul class=\"wp-block-list\">\n<li>Y\u00eau c\u1ea7u \u0111\u01b0\u1ee3c th\u1ef1c hi\u1ec7n trong <strong>14 ng\u00e0y<\/strong> Vi\u1ec7c nh\u1eadn s\u1ea3n ph\u1ea9m.<\/li>\n\n\n\n<li>S\u1ea3n ph\u1ea9m ch\u01b0a qua s\u1eed d\u1ee5ng, c\u00f2n nguy\u00ean trong bao b\u00ec g\u1ed1c v\u00e0 \u1edf tr\u1ea1ng th\u00e1i nh\u01b0 khi b\u1ea1n nh\u1eadn \u0111\u01b0\u1ee3c.<\/li>\n\n\n\n<li>Ch\u1ee9ng t\u1eeb mua h\u00e0ng (x\u00e1c nh\u1eadn \u0111\u01a1n h\u00e0ng ho\u1eb7c h\u00f3a \u0111\u01a1n) \u0111\u01b0\u1ee3c cung c\u1ea5p.<\/li>\n<\/ul>\n\n\n\n<hr class=\"wp-block-separator has-alpha-channel-opacity\"\/>\n\n\n\n<h3 class=\"wp-block-heading\">2. <strong>C\u00e1c m\u1eb7t h\u00e0ng kh\u00f4ng th\u1ec3 tr\u1ea3 l\u1ea1i<\/strong><\/h3>\n\n\n\n<p>Ch\u00fang t\u00f4i kh\u00f4ng ch\u1ea5p nh\u1eadn \u0111\u1ed5i tr\u1ea3 cho:<\/p>\n\n\n\n<ul class=\"wp-block-list\">\n<li>S\u1ea3n ph\u1ea9m t\u00f9y ch\u1ec9nh ho\u1eb7c c\u00e1 nh\u00e2n h\u00f3a<\/li>\n\n\n\n<li>H\u00e0ng thanh l\u00fd ho\u1eb7c h\u00e0ng b\u00e1n cu\u1ed1i c\u00f9ng<\/li>\n\n\n\n<li>S\u1ea3n ph\u1ea9m \u0111\u00e3 \u0111\u01b0\u1ee3c s\u1eed d\u1ee5ng, gi\u1eb7t r\u1eeda ho\u1eb7c h\u01b0 h\u1ecfng do qu\u00e1 tr\u00ecnh s\u1eed d\u1ee5ng c\u1ee7a kh\u00e1ch h\u00e0ng.<\/li>\n\n\n\n<li>H\u00e0ng h\u00f3a d\u1ec5 h\u01b0 h\u1ecfng ho\u1eb7c c\u00e1c m\u1eb7t h\u00e0ng c\u00f3 v\u1ea5n \u0111\u1ec1 v\u1ec1 v\u1ec7 sinh (tr\u1eeb khi b\u1ecb h\u01b0 h\u1ecfng)<\/li>\n<\/ul>\n\n\n\n<hr class=\"wp-block-separator has-alpha-channel-opacity\"\/>\n\n\n\n<h3 class=\"wp-block-heading\">3. <strong>Quy tr\u00ecnh ho\u00e0n tr\u1ea3<\/strong><\/h3>\n\n\n\n<p>\u0110\u1ec3 b\u1eaft \u0111\u1ea7u quy tr\u00ecnh tr\u1ea3 h\u00e0ng:<\/p>\n\n\n\n<ol class=\"wp-block-list\">\n<li>Li\u00ean h\u1ec7 v\u1edbi b\u1ed9 ph\u1eadn d\u1ecbch v\u1ee5 kh\u00e1ch h\u00e0ng c\u1ee7a ch\u00fang t\u00f4i t\u1ea1i <strong><a>79016759@qq.com<\/a><\/strong> ho\u1eb7c g\u1ecdi <strong>+86 15068161430<\/strong> V\u1edbi th\u00f4ng tin \u0111\u01a1n h\u00e0ng v\u00e0 l\u00fd do tr\u1ea3 h\u00e0ng c\u1ee7a b\u1ea1n.<\/li>\n\n\n\n<li>\u0110\u1ed9i ng\u0169 c\u1ee7a ch\u00fang t\u00f4i s\u1ebd xem x\u00e9t y\u00eau c\u1ea7u c\u1ee7a b\u1ea1n v\u00e0 cung c\u1ea5p m\u00e3 \u1ee7y quy\u1ec1n tr\u1ea3 h\u00e0ng c\u00f9ng h\u01b0\u1edbng d\u1eabn chi ti\u1ebft.<\/li>\n\n\n\n<li>G\u1eedi s\u1ea3n ph\u1ea9m \u0111\u1ebfn \u0111\u1ecba ch\u1ec9 \u0111\u00e3 cung c\u1ea5p, \u0111\u1ea3m b\u1ea3o s\u1ea3n ph\u1ea9m \u0111\u01b0\u1ee3c \u0111\u00f3ng g\u00f3i c\u1ea9n th\u1eadn.<\/li>\n\n\n\n<li>B\u1ea1n ch\u1ecbu tr\u00e1ch nhi\u1ec7m v\u1ec1 chi ph\u00ed v\u1eadn chuy\u1ec3n tr\u1ea3 l\u1ea1i tr\u1eeb khi vi\u1ec7c tr\u1ea3 l\u1ea1i l\u00e0 do l\u1ed7i c\u1ee7a ch\u00fang t\u00f4i ho\u1eb7c s\u1ea3n ph\u1ea9m b\u1ecb l\u1ed7i.<\/li>\n<\/ol>\n\n\n\n<hr class=\"wp-block-separator has-alpha-channel-opacity\"\/>\n\n\n\n<h3 class=\"wp-block-heading\">4. <strong>Ho\u00e0n ti\u1ec1n<\/strong><\/h3>\n\n\n\n<ul class=\"wp-block-list\">\n<li>Sau khi nh\u1eadn \u0111\u01b0\u1ee3c h\u00e0ng tr\u1ea3 l\u1ea1i v\u00e0 ki\u1ec3m tra, ch\u00fang t\u00f4i s\u1ebd th\u00f4ng b\u00e1o cho b\u1ea1n v\u1ec1 vi\u1ec7c ch\u1ea5p nh\u1eadn ho\u1eb7c t\u1eeb ch\u1ed1i y\u00eau c\u1ea7u ho\u00e0n ti\u1ec1n c\u1ee7a b\u1ea1n.<\/li>\n\n\n\n<li>C\u00e1c kho\u1ea3n ho\u00e0n ti\u1ec1n \u0111\u01b0\u1ee3c ph\u00ea duy\u1ec7t s\u1ebd \u0111\u01b0\u1ee3c x\u1eed l\u00fd trong v\u00f2ng <strong>7\u201314 ng\u00e0y l\u00e0m vi\u1ec7c<\/strong> v\u00e0o ph\u01b0\u01a1ng th\u1ee9c thanh to\u00e1n ban \u0111\u1ea7u c\u1ee7a b\u1ea1n.<\/li>\n\n\n\n<li>Ph\u00ed v\u1eadn chuy\u1ec3n (n\u1ebfu c\u00f3) kh\u00f4ng \u0111\u01b0\u1ee3c ho\u00e0n l\u1ea1i.<\/li>\n<\/ul>\n\n\n\n<hr class=\"wp-block-separator has-alpha-channel-opacity\"\/>\n\n\n\n<h3 class=\"wp-block-heading\">5. <strong>S\u00e0n giao d\u1ecbch<\/strong><\/h3>\n\n\n\n<p>Ch\u00fang t\u00f4i ch\u1ec9 \u0111\u1ed5i tr\u1ea3 s\u1ea3n ph\u1ea9m n\u1ebfu s\u1ea3n ph\u1ea9m b\u1ecb l\u1ed7i, h\u01b0 h\u1ecfng ho\u1eb7c \u0111\u01b0\u1ee3c g\u1eedi nh\u1ea7m. N\u1ebfu qu\u00fd kh\u00e1ch c\u1ea7n \u0111\u1ed5i tr\u1ea3, vui l\u00f2ng li\u00ean h\u1ec7 v\u1edbi ch\u00fang t\u00f4i ngay sau khi nh\u1eadn \u0111\u01b0\u1ee3c s\u1ea3n ph\u1ea9m.<\/p>\n\n\n\n<hr class=\"wp-block-separator has-alpha-channel-opacity\"\/>\n\n\n\n<h3 class=\"wp-block-heading\">6. <strong>S\u1ea3n ph\u1ea9m b\u1ecb h\u01b0 h\u1ecfng ho\u1eb7c c\u00f3 l\u1ed7i<\/strong><\/h3>\n\n\n\n<p>N\u1ebfu \u0111\u01a1n h\u00e0ng c\u1ee7a b\u1ea1n b\u1ecb h\u01b0 h\u1ecfng ho\u1eb7c c\u00f3 l\u1ed7i:<\/p>\n\n\n\n<ul class=\"wp-block-list\">\n<li>Li\u00ean h\u1ec7 v\u1edbi ch\u00fang t\u00f4i trong v\u00f2ng <strong>48 gi\u1edd<\/strong> v\u1ec1 vi\u1ec7c giao h\u00e0ng.<\/li>\n\n\n\n<li>Cung c\u1ea5p h\u00ecnh \u1ea3nh ho\u1eb7c video v\u1ec1 h\u01b0 h\u1ecfng\/l\u1ed7i \u0111\u1ec3 x\u1eed l\u00fd nhanh h\u01a1n.<\/li>\n\n\n\n<li>Ch\u00fang t\u00f4i s\u1ebd s\u1eafp x\u1ebfp vi\u1ec7c \u0111\u1ed5i h\u00e0ng ho\u1eb7c ho\u00e0n ti\u1ec1n \u0111\u1ea7y \u0111\u1ee7, bao g\u1ed3m c\u1ea3 chi ph\u00ed v\u1eadn chuy\u1ec3n.<\/li>\n<\/ul>\n\n\n\n<hr class=\"wp-block-separator has-alpha-channel-opacity\"\/>\n\n\n\n<h3 class=\"wp-block-heading\">7. <strong>Ho\u00e0n ti\u1ec1n ch\u1eadm ho\u1eb7c kh\u00f4ng \u0111\u01b0\u1ee3c ho\u00e0n ti\u1ec1n<\/strong><\/h3>\n\n\n\n<p>N\u1ebfu b\u1ea1n ch\u01b0a nh\u1eadn \u0111\u01b0\u1ee3c kho\u1ea3n ho\u00e0n ti\u1ec1n c\u1ee7a m\u00ecnh:<\/p>\n\n\n\n<ul class=\"wp-block-list\">\n<li>Ki\u1ec3m tra l\u1ea1i t\u00e0i kho\u1ea3n ng\u00e2n h\u00e0ng c\u1ee7a b\u1ea1n.<\/li>\n\n\n\n<li>Li\u00ean h\u1ec7 v\u1edbi c\u00f4ng ty th\u1ebb t\u00edn d\u1ee5ng ho\u1eb7c ng\u00e2n h\u00e0ng c\u1ee7a b\u1ea1n v\u00ec th\u1eddi gian x\u1eed l\u00fd c\u00f3 th\u1ec3 kh\u00e1c nhau.<\/li>\n\n\n\n<li>N\u1ebfu b\u1ea1n \u0111\u00e3 th\u1ef1c hi\u1ec7n t\u1ea5t c\u1ea3 c\u00e1c b\u01b0\u1edbc tr\u00ean m\u00e0 v\u1eabn ch\u01b0a nh\u1eadn \u0111\u01b0\u1ee3c kho\u1ea3n ho\u00e0n ti\u1ec1n, vui l\u00f2ng li\u00ean h\u1ec7 v\u1edbi ch\u00fang t\u00f4i t\u1ea1i <strong><a>79016759@qq.com<\/a><\/strong>.<\/li>\n<\/ul>\n\n\n\n<hr class=\"wp-block-separator has-alpha-channel-opacity\"\/>\n\n\n\n<h3 class=\"wp-block-heading\">8. <strong>Li\u00ean h\u1ec7 v\u1edbi ch\u00fang t\u00f4i<\/strong><\/h3>\n\n\n\n<p>N\u1ebfu b\u1ea1n c\u00f3 b\u1ea5t k\u1ef3 c\u00e2u h\u1ecfi n\u00e0o v\u1ec1 Ch\u00ednh s\u00e1ch Ho\u00e0n tr\u1ea3 v\u00e0 Ho\u00e0n ti\u1ec1n n\u00e0y, vui l\u00f2ng li\u00ean h\u1ec7 v\u1edbi:<\/p>\n\n\n\n<p><strong>C\u00f4ng ty TNHH C\u00f4ng ngh\u1ec7 M\u1ea7m \u0110\u1eadu Xanh<\/strong><br>S\u1ed1 39, \u0110\u01b0\u1eddng Xiangyuan, Qu\u1eadn Gongshu, Th\u00e0nh ph\u1ed1 H\u00e0ng Ch\u00e2u, Trung Qu\u1ed1c<br>\u0110i\u1ec7n tho\u1ea1i: <strong>+86 15068161430<\/strong><br>Email: <strong><a>79016759@qq.com<\/a><\/strong><br>Trang web: <strong><a class=\"\" href=\"http:\/\/www.beststeamshop.com\">www.beststeamshop.com<\/a><\/strong><\/p>\n\n\n\n<p><\/p>","protected":false},"excerpt":{"rendered":"<p>Green Bean Sprout Technology Co., Ltd.Last Updated: August 11, 2025 Thank you for shopping with Green Bean Sprout Technology Co.,<\/p>","protected":false},"author":1,"featured_media":0,"parent":0,"menu_order":0,"comment_status":"closed","ping_status":"closed","template":"","meta":{"footnotes":""},"class_list":["post-14","page","type-page","status-publish","hentry"],"_hostinger_reach_plugin_has_subscription_block":false,"_hostinger_reach_plugin_is_elementor":false,"_links":{"self":[{"href":"https:\/\/greenbean-steam.com\/vi\/wp-json\/wp\/v2\/pages\/14","targetHints":{"allow":["GET"]}}],"collection":[{"href":"https:\/\/greenbean-steam.com\/vi\/wp-json\/wp\/v2\/pages"}],"about":[{"href":"https:\/\/greenbean-steam.com\/vi\/wp-json\/wp\/v2\/types\/page"}],"author":[{"embeddable":true,"href":"https:\/\/greenbean-steam.com\/vi\/wp-json\/wp\/v2\/users\/1"}],"replies":[{"embeddable":true,"href":"https:\/\/greenbean-steam.com\/vi\/wp-json\/wp\/v2\/comments?post=14"}],"version-history":[{"count":1,"href":"https:\/\/greenbean-steam.com\/vi\/wp-json\/wp\/v2\/pages\/14\/revisions"}],"predecessor-version":[{"id":27215,"href":"https:\/\/greenbean-steam.com\/vi\/wp-json\/wp\/v2\/pages\/14\/revisions\/27215"}],"wp:attachment":[{"href":"https:\/\/greenbean-steam.com\/vi\/wp-json\/wp\/v2\/media?parent=14"}],"curies":[{"name":"wp","href":"https:\/\/api.w.org\/{rel}","templated":true}]}}