{"id":27216,"date":"2025-08-11T07:21:39","date_gmt":"2025-08-11T07:21:39","guid":{"rendered":"https:\/\/greenbean-steam.com\/?page_id=27216"},"modified":"2025-08-11T07:21:40","modified_gmt":"2025-08-11T07:21:40","slug":"shipping-policy","status":"publish","type":"page","link":"https:\/\/greenbean-steam.com\/vi\/shipping-policy\/","title":{"rendered":"Ch\u00ednh s\u00e1ch v\u1eadn chuy\u1ec3n"},"content":{"rendered":"<p><strong>C\u00f4ng ty TNHH C\u00f4ng ngh\u1ec7 M\u1ea7m \u0110\u1eadu Xanh<\/strong><br><strong>C\u1eadp nh\u1eadt l\u1ea7n cu\u1ed1i:<\/strong> Ng\u00e0y 11 th\u00e1ng 8 n\u0103m 2025<\/p>\n\n\n\n<p>C\u1ea3m \u01a1n qu\u00fd kh\u00e1ch \u0111\u00e3 mua s\u1eafm t\u1ea1i <strong>C\u00f4ng ty TNHH C\u00f4ng ngh\u1ec7 M\u1ea7m \u0110\u1eadu Xanh<\/strong> t\u1ea1i <strong><a class=\"\" href=\"http:\/\/www.beststeamshop.com\">www.beststeamshop.com<\/a><\/strong>Ch\u00ednh s\u00e1ch V\u1eadn chuy\u1ec3n n\u00e0y m\u00f4 t\u1ea3 c\u00e1ch ch\u00fang t\u00f4i x\u1eed l\u00fd, v\u1eadn chuy\u1ec3n v\u00e0 giao h\u00e0ng cho \u0111\u01a1n h\u00e0ng c\u1ee7a qu\u00fd kh\u00e1ch.<\/p>\n\n\n\n<hr class=\"wp-block-separator has-alpha-channel-opacity\"\/>\n\n\n\n<h3 class=\"wp-block-heading\">1. <strong>Th\u1eddi gian x\u1eed l\u00fd \u0111\u01a1n h\u00e0ng<\/strong><\/h3>\n\n\n\n<ul class=\"wp-block-list\">\n<li>\u0110\u01a1n h\u00e0ng \u0111\u01b0\u1ee3c x\u1eed l\u00fd trong v\u00f2ng <strong>1\u20133 ng\u00e0y l\u00e0m vi\u1ec7c<\/strong> Sau khi x\u00e1c nh\u1eadn thanh to\u00e1n.<\/li>\n\n\n\n<li>C\u00e1c \u0111\u01a1n h\u00e0ng \u0111\u01b0\u1ee3c \u0111\u1eb7t v\u00e0o cu\u1ed1i tu\u1ea7n ho\u1eb7c ng\u00e0y l\u1ec5 s\u1ebd \u0111\u01b0\u1ee3c x\u1eed l\u00fd v\u00e0o ng\u00e0y l\u00e0m vi\u1ec7c ti\u1ebfp theo.<\/li>\n<\/ul>\n\n\n\n<hr class=\"wp-block-separator has-alpha-channel-opacity\"\/>\n\n\n\n<h3 class=\"wp-block-heading\">2. <strong>Ph\u01b0\u01a1ng th\u1ee9c v\u1eadn chuy\u1ec3n &amp; Th\u1eddi gian giao h\u00e0ng<\/strong><\/h3>\n\n\n\n<p>Ch\u00fang t\u00f4i cung c\u1ea5p c\u00e1c t\u00f9y ch\u1ecdn v\u1eadn chuy\u1ec3n sau:<\/p>\n\n\n\n<figure class=\"wp-block-table\"><table class=\"has-fixed-layout\"><thead><tr><th><strong>Ph\u01b0\u01a1ng th\u1ee9c v\u1eadn chuy\u1ec3n<\/strong><\/th><th><strong>Th\u1eddi gian giao h\u00e0ng d\u1ef1 ki\u1ebfn<\/strong><\/th><th><strong>Theo d\u00f5i<\/strong><\/th><\/tr><\/thead><tbody><tr><td>V\u1eadn chuy\u1ec3n ti\u00eau chu\u1ea9n<\/td><td>7\u201315 ng\u00e0y l\u00e0m vi\u1ec7c<\/td><td>C\u00f3 s\u1eb5n<\/td><\/tr><tr><td>Giao h\u00e0ng nhanh<\/td><td>3\u20137 ng\u00e0y l\u00e0m vi\u1ec7c<\/td><td>C\u00f3 s\u1eb5n<\/td><\/tr><tr><td>Giao h\u00e0ng n\u1ed9i \u0111\u1ecba (Trung Qu\u1ed1c)<\/td><td>2\u20135 ng\u00e0y l\u00e0m vi\u1ec7c<\/td><td>C\u00f3 s\u1eb5n<\/td><\/tr><\/tbody><\/table><\/figure>\n\n\n\n<blockquote class=\"wp-block-quote is-layout-flow wp-block-quote-is-layout-flow\">\n<p><strong>L\u01b0u \u00fd:<\/strong> Th\u1eddi gian giao h\u00e0ng l\u00e0 \u01b0\u1edbc t\u00ednh v\u00e0 c\u00f3 th\u1ec3 thay \u0111\u1ed5i do c\u00e1c y\u1ebfu t\u1ed1 nh\u01b0 ki\u1ec3m tra h\u1ea3i quan, tr\u1ec5 h\u1eb9n c\u1ee7a \u0111\u01a1n v\u1ecb v\u1eadn chuy\u1ec3n ho\u1eb7c c\u00e1c t\u00ecnh hu\u1ed1ng b\u1ea5t ng\u1edd.<\/p>\n<\/blockquote>\n\n\n\n<hr class=\"wp-block-separator has-alpha-channel-opacity\"\/>\n\n\n\n<h3 class=\"wp-block-heading\">3. <strong>Chi ph\u00ed v\u1eadn chuy\u1ec3n<\/strong><\/h3>\n\n\n\n<ul class=\"wp-block-list\">\n<li>Ph\u00ed v\u1eadn chuy\u1ec3n \u0111\u01b0\u1ee3c t\u00ednh t\u1ea1i b\u01b0\u1edbc thanh to\u00e1n d\u1ef1a tr\u00ean \u0111\u1ecba \u0111i\u1ec3m giao h\u00e0ng, tr\u1ecdng l\u01b0\u1ee3ng v\u00e0 ph\u01b0\u01a1ng th\u1ee9c v\u1eadn chuy\u1ec3n \u0111\u00e3 ch\u1ecdn.<\/li>\n\n\n\n<li>Mi\u1ec5n ph\u00ed v\u1eadn chuy\u1ec3n c\u00f3 th\u1ec3 \u0111\u01b0\u1ee3c \u00e1p d\u1ee5ng trong c\u00e1c ch\u01b0\u01a1ng tr\u00ecnh khuy\u1ebfn m\u00e3i ho\u1eb7c \u0111\u1ed1i v\u1edbi c\u00e1c \u0111\u01a1n h\u00e0ng \u0111\u1ea1t m\u1ee9c mua t\u1ed1i thi\u1ec3u quy \u0111\u1ecbnh.<\/li>\n<\/ul>\n\n\n\n<hr class=\"wp-block-separator has-alpha-channel-opacity\"\/>\n\n\n\n<h3 class=\"wp-block-heading\">4. <strong>V\u1eadn chuy\u1ec3n qu\u1ed1c t\u1ebf<\/strong><\/h3>\n\n\n\n<p>Ch\u00fang t\u00f4i giao h\u00e0ng \u0111\u1ebfn h\u1ea7u h\u1ebft c\u00e1c qu\u1ed1c gia tr\u00ean th\u1ebf gi\u1edbi. Tuy nhi\u00ean, m\u1ed9t s\u1ed1 khu v\u1ef1c c\u00f3 th\u1ec3 b\u1ecb lo\u1ea1i tr\u1eeb do c\u00e1c h\u1ea1n ch\u1ebf v\u1ec1 v\u1eadn chuy\u1ec3n.<\/p>\n\n\n\n<ul class=\"wp-block-list\">\n<li>Thu\u1ebf h\u1ea3i quan, thu\u1ebf ho\u1eb7c ph\u00ed nh\u1eadp kh\u1ea9u (n\u1ebfu c\u00f3) l\u00e0 tr\u00e1ch nhi\u1ec7m c\u1ee7a kh\u00e1ch h\u00e0ng.<\/li>\n\n\n\n<li>Ch\u00fang t\u00f4i kh\u00f4ng ch\u1ecbu tr\u00e1ch nhi\u1ec7m v\u1ec1 c\u00e1c ch\u1eadm tr\u1ec5 do th\u1ee7 t\u1ee5c h\u1ea3i quan g\u00e2y ra.<\/li>\n<\/ul>\n\n\n\n<hr class=\"wp-block-separator has-alpha-channel-opacity\"\/>\n\n\n\n<h3 class=\"wp-block-heading\">5. <strong>Theo d\u00f5i \u0111\u01a1n h\u00e0ng<\/strong><\/h3>\n\n\n\n<p>Sau khi \u0111\u01a1n h\u00e0ng c\u1ee7a b\u1ea1n \u0111\u01b0\u1ee3c giao:<\/p>\n\n\n\n<ul class=\"wp-block-list\">\n<li>B\u1ea1n s\u1ebd nh\u1eadn \u0111\u01b0\u1ee3c email x\u00e1c nh\u1eadn v\u1eadn chuy\u1ec3n k\u00e8m theo s\u1ed1 theo d\u00f5i.<\/li>\n\n\n\n<li>Th\u00f4ng tin theo d\u00f5i c\u00f3 th\u1ec3 m\u1ea5t 24\u201348 gi\u1edd \u0111\u1ec3 c\u1eadp nh\u1eadt trong h\u1ec7 th\u1ed1ng c\u1ee7a \u0111\u01a1n v\u1ecb v\u1eadn chuy\u1ec3n.<\/li>\n<\/ul>\n\n\n\n<hr class=\"wp-block-separator has-alpha-channel-opacity\"\/>\n\n\n\n<h3 class=\"wp-block-heading\">6. <strong>\u0110\u1ed9 ch\u00ednh x\u00e1c c\u1ee7a \u0111\u1ecba ch\u1ec9<\/strong><\/h3>\n\n\n\n<p>Vui l\u00f2ng \u0111\u1ea3m b\u1ea3o \u0111\u1ecba ch\u1ec9 giao h\u00e0ng c\u1ee7a b\u1ea1n \u0111\u1ea7y \u0111\u1ee7 v\u00e0 ch\u00ednh x\u00e1c tr\u01b0\u1edbc khi \u0111\u1eb7t h\u00e0ng.<\/p>\n\n\n\n<ul class=\"wp-block-list\">\n<li>Ch\u00fang t\u00f4i kh\u00f4ng ch\u1ecbu tr\u00e1ch nhi\u1ec7m \u0111\u1ed1i v\u1edbi c\u00e1c \u0111\u01a1n h\u00e0ng \u0111\u01b0\u1ee3c giao \u0111\u1ebfn \u0111\u1ecba ch\u1ec9 sai do kh\u00e1ch h\u00e0ng cung c\u1ea5p.<\/li>\n\n\n\n<li>N\u1ebfu b\u1ea1n ph\u00e1t hi\u1ec7n c\u00f3 sai s\u00f3t trong \u0111\u1ecba ch\u1ec9 c\u1ee7a m\u00ecnh, vui l\u00f2ng li\u00ean h\u1ec7 v\u1edbi ch\u00fang t\u00f4i ngay l\u1eadp t\u1ee9c tr\u01b0\u1edbc khi \u0111\u01a1n h\u00e0ng \u0111\u01b0\u1ee3c giao.<\/li>\n<\/ul>\n\n\n\n<hr class=\"wp-block-separator has-alpha-channel-opacity\"\/>\n\n\n\n<h3 class=\"wp-block-heading\">7. <strong>H\u00e0ng h\u00f3a b\u1ecb m\u1ea5t ho\u1eb7c ch\u1eadm tr\u1ec5<\/strong><\/h3>\n\n\n\n<ul class=\"wp-block-list\">\n<li>N\u1ebfu g\u00f3i h\u00e0ng c\u1ee7a b\u1ea1n b\u1ecb ch\u1eadm tr\u1ec5 \u0111\u00e1ng k\u1ec3, vui l\u00f2ng li\u00ean h\u1ec7 v\u1edbi \u0111\u1ed9i ng\u0169 d\u1ecbch v\u1ee5 kh\u00e1ch h\u00e0ng c\u1ee7a ch\u00fang t\u00f4i.<\/li>\n\n\n\n<li>\u0110\u1ed1i v\u1edbi c\u00e1c g\u00f3i h\u00e0ng b\u1ecb m\u1ea5t \u0111\u01b0\u1ee3c x\u00e1c nh\u1eadn b\u1edfi \u0111\u01a1n v\u1ecb v\u1eadn chuy\u1ec3n, ch\u00fang t\u00f4i s\u1ebd cung c\u1ea5p s\u1ea3n ph\u1ea9m thay th\u1ebf ho\u1eb7c ho\u00e0n ti\u1ec1n.<\/li>\n\n\n\n<li>Ch\u00fang t\u00f4i kh\u00f4ng ch\u1ecbu tr\u00e1ch nhi\u1ec7m v\u1ec1 c\u00e1c ch\u1eadm tr\u1ec5 do th\u1eddi ti\u1ebft, \u0111\u00ecnh c\u00f4ng, th\u1ee7 t\u1ee5c h\u1ea3i quan ho\u1eb7c c\u00e1c s\u1ef1 ki\u1ec7n b\u1ea5t kh\u1ea3 kh\u00e1ng g\u00e2y ra.<\/li>\n<\/ul>\n\n\n\n<hr class=\"wp-block-separator has-alpha-channel-opacity\"\/>\n\n\n\n<h3 class=\"wp-block-heading\">8. <strong>Li\u00ean h\u1ec7 v\u1edbi ch\u00fang t\u00f4i<\/strong><\/h3>\n\n\n\n<p>\u0110\u1ed1i v\u1edbi b\u1ea5t k\u1ef3 c\u00e2u h\u1ecfi n\u00e0o li\u00ean quan \u0111\u1ebfn v\u1eadn chuy\u1ec3n, vui l\u00f2ng li\u00ean h\u1ec7:<\/p>\n\n\n\n<p><strong>C\u00f4ng ty TNHH C\u00f4ng ngh\u1ec7 M\u1ea7m \u0110\u1eadu Xanh<\/strong><br>S\u1ed1 39, \u0110\u01b0\u1eddng Xiangyuan, Qu\u1eadn Gongshu, Th\u00e0nh ph\u1ed1 H\u00e0ng Ch\u00e2u, Trung Qu\u1ed1c<br>\u0110i\u1ec7n tho\u1ea1i: <strong>+86 15068161430<\/strong><br>Email: <strong><a>79016759@qq.com<\/a><\/strong><br>Trang web: <strong><a class=\"\" href=\"http:\/\/www.beststeamshop.com\">www.beststeamshop.com<\/a><\/strong><\/p>\n\n\n\n<hr class=\"wp-block-separator has-alpha-channel-opacity\"\/>","protected":false},"excerpt":{"rendered":"<p>Green Bean Sprout Technology Co., Ltd.Last Updated: August 11, 2025 Thank you for shopping with Green Bean Sprout Technology Co.,<\/p>","protected":false},"author":1,"featured_media":0,"parent":0,"menu_order":0,"comment_status":"closed","ping_status":"closed","template":"","meta":{"footnotes":""},"class_list":["post-27216","page","type-page","status-publish","hentry"],"_hostinger_reach_plugin_has_subscription_block":false,"_hostinger_reach_plugin_is_elementor":false,"_links":{"self":[{"href":"https:\/\/greenbean-steam.com\/vi\/wp-json\/wp\/v2\/pages\/27216","targetHints":{"allow":["GET"]}}],"collection":[{"href":"https:\/\/greenbean-steam.com\/vi\/wp-json\/wp\/v2\/pages"}],"about":[{"href":"https:\/\/greenbean-steam.com\/vi\/wp-json\/wp\/v2\/types\/page"}],"author":[{"embeddable":true,"href":"https:\/\/greenbean-steam.com\/vi\/wp-json\/wp\/v2\/users\/1"}],"replies":[{"embeddable":true,"href":"https:\/\/greenbean-steam.com\/vi\/wp-json\/wp\/v2\/comments?post=27216"}],"version-history":[{"count":1,"href":"https:\/\/greenbean-steam.com\/vi\/wp-json\/wp\/v2\/pages\/27216\/revisions"}],"predecessor-version":[{"id":27217,"href":"https:\/\/greenbean-steam.com\/vi\/wp-json\/wp\/v2\/pages\/27216\/revisions\/27217"}],"wp:attachment":[{"href":"https:\/\/greenbean-steam.com\/vi\/wp-json\/wp\/v2\/media?parent=27216"}],"curies":[{"name":"wp","href":"https:\/\/api.w.org\/{rel}","templated":true}]}}