{"id":27218,"date":"2025-08-11T07:22:40","date_gmt":"2025-08-11T07:22:40","guid":{"rendered":"https:\/\/greenbean-steam.com\/?page_id=27218"},"modified":"2025-08-11T07:22:41","modified_gmt":"2025-08-11T07:22:41","slug":"service-policy","status":"publish","type":"page","link":"https:\/\/greenbean-steam.com\/vi\/service-policy\/","title":{"rendered":"Ch\u00ednh s\u00e1ch d\u1ecbch v\u1ee5"},"content":{"rendered":"<p><strong>C\u00f4ng ty TNHH C\u00f4ng ngh\u1ec7 M\u1ea7m \u0110\u1eadu Xanh<\/strong><br><strong>C\u1eadp nh\u1eadt l\u1ea7n cu\u1ed1i:<\/strong> Ng\u00e0y 11 th\u00e1ng 8 n\u0103m 2025<\/p>\n\n\n\n<p>T\u1ea1i <strong>C\u00f4ng ty TNHH C\u00f4ng ngh\u1ec7 M\u1ea7m \u0110\u1eadu Xanh<\/strong> (\u201cch\u00fang t\u00f4i\u201d, \u201cc\u1ee7a ch\u00fang t\u00f4i\u201d ho\u1eb7c \u201cch\u00fang ta\u201d), ch\u00fang t\u00f4i cam k\u1ebft cung c\u1ea5p c\u00e1c s\u1ea3n ph\u1ea9m ch\u1ea5t l\u01b0\u1ee3ng cao v\u00e0 d\u1ecbch v\u1ee5 kh\u00e1ch h\u00e0ng xu\u1ea5t s\u1eafc. Ch\u00ednh s\u00e1ch D\u1ecbch v\u1ee5 n\u00e0y m\u00f4 t\u1ea3 c\u00e1c \u0111i\u1ec1u kho\u1ea3n m\u00e0 theo \u0111\u00f3 ch\u00fang t\u00f4i cung c\u1ea5p s\u1ea3n ph\u1ea9m v\u00e0 d\u1ecbch v\u1ee5 c\u1ee7a m\u00ecnh th\u00f4ng qua <strong><a class=\"\" href=\"http:\/\/www.beststeamshop.com\">www.beststeamshop.com<\/a><\/strong>.<\/p>\n\n\n\n<hr class=\"wp-block-separator has-alpha-channel-opacity\"\/>\n\n\n\n<h3 class=\"wp-block-heading\">1. <strong>Ph\u1ea1m vi d\u1ecbch v\u1ee5<\/strong><\/h3>\n\n\n\n<p>Ch\u00fang t\u00f4i cung c\u1ea5p:<\/p>\n\n\n\n<ul class=\"wp-block-list\">\n<li>B\u00e1n c\u00e1c s\u1ea3n ph\u1ea9m \u0111\u01b0\u1ee3c hi\u1ec3n th\u1ecb tr\u00ean trang web c\u1ee7a ch\u00fang t\u00f4i.<\/li>\n\n\n\n<li>H\u1ed7 tr\u1ee3 kh\u00e1ch h\u00e0ng cho c\u00e1c y\u00eau c\u1ea7u, \u0111\u01a1n \u0111\u1eb7t h\u00e0ng, tr\u1ea3 h\u00e0ng v\u00e0 \u0111\u1ed5i h\u00e0ng.<\/li>\n\n\n\n<li>Theo d\u00f5i \u0111\u01a1n h\u00e0ng v\u00e0 h\u1ed7 tr\u1ee3 giao h\u00e0ng.<\/li>\n\n\n\n<li>H\u1ed7 tr\u1ee3 sau b\u00e1n h\u00e0ng cho c\u00e1c s\u1ea3n ph\u1ea9m b\u1ecb l\u1ed7i ho\u1eb7c h\u01b0 h\u1ecfng.<\/li>\n<\/ul>\n\n\n\n<hr class=\"wp-block-separator has-alpha-channel-opacity\"\/>\n\n\n\n<h3 class=\"wp-block-heading\">2. <strong>Tr\u00e1ch nhi\u1ec7m c\u1ee7a kh\u00e1ch h\u00e0ng<\/strong><\/h3>\n\n\n\n<p>B\u1eb1ng c\u00e1ch s\u1eed d\u1ee5ng d\u1ecbch v\u1ee5 c\u1ee7a ch\u00fang t\u00f4i, b\u1ea1n \u0111\u1ed3ng \u00fd v\u1edbi:<\/p>\n\n\n\n<ul class=\"wp-block-list\">\n<li>Cung c\u1ea5p th\u00f4ng tin c\u00e1 nh\u00e2n v\u00e0 th\u00f4ng tin thanh to\u00e1n ch\u00ednh x\u00e1c, \u0111\u1ea7y \u0111\u1ee7 v\u00e0 \u0111\u01b0\u1ee3c c\u1eadp nh\u1eadt m\u1edbi nh\u1ea5t.<\/li>\n\n\n\n<li>Xem x\u00e9t m\u00f4 t\u1ea3 s\u1ea3n ph\u1ea9m v\u00e0 th\u00f4ng s\u1ed1 k\u1ef9 thu\u1eadt tr\u01b0\u1edbc khi \u0111\u1eb7t h\u00e0ng.<\/li>\n\n\n\n<li>Tu\u00e2n th\u1ee7 Ch\u00ednh s\u00e1ch \u0110\u1ed5i tr\u1ea3 v\u00e0 Ho\u00e0n ti\u1ec1n c\u0169ng nh\u01b0 Ch\u00ednh s\u00e1ch V\u1eadn chuy\u1ec3n c\u1ee7a ch\u00fang t\u00f4i.<\/li>\n\n\n\n<li>Tr\u00e1nh m\u1ecdi h\u00e0nh vi gian l\u1eadn ho\u1eb7c l\u1ea1m d\u1ee5ng trang web ho\u1eb7c d\u1ecbch v\u1ee5 c\u1ee7a ch\u00fang t\u00f4i.<\/li>\n<\/ul>\n\n\n\n<hr class=\"wp-block-separator has-alpha-channel-opacity\"\/>\n\n\n\n<h3 class=\"wp-block-heading\">3. <strong>X\u00e1c nh\u1eadn \u0111\u01a1n h\u00e0ng &amp; H\u1ee7y \u0111\u01a1n h\u00e0ng<\/strong><\/h3>\n\n\n\n<ul class=\"wp-block-list\">\n<li>T\u1ea5t c\u1ea3 c\u00e1c \u0111\u01a1n h\u00e0ng \u0111\u1ec1u ph\u1ee5 thu\u1ed9c v\u00e0o vi\u1ec7c ch\u1ea5p nh\u1eadn v\u00e0 t\u00ecnh tr\u1ea1ng s\u1eb5n c\u00f3.<\/li>\n\n\n\n<li>Ch\u00fang t\u00f4i c\u00f3 quy\u1ec1n h\u1ee7y b\u1ecf b\u1ea5t k\u1ef3 \u0111\u01a1n h\u00e0ng n\u00e0o v\u00ec c\u00e1c l\u00fd do bao g\u1ed3m v\u1ea5n \u0111\u1ec1 thanh to\u00e1n, h\u00e0ng t\u1ed3n kho kh\u00f4ng c\u00f3 s\u1eb5n ho\u1eb7c nghi ng\u1edd gian l\u1eadn.<\/li>\n\n\n\n<li>Kh\u00e1ch h\u00e0ng c\u00f3 th\u1ec3 y\u00eau c\u1ea7u h\u1ee7y \u0111\u01a1n h\u00e0ng tr\u01b0\u1edbc khi \u0111\u01a1n h\u00e0ng \u0111\u01b0\u1ee3c giao b\u1eb1ng c\u00e1ch li\u00ean h\u1ec7. <strong><a>79016759@qq.com<\/a><\/strong>.<\/li>\n<\/ul>\n\n\n\n<hr class=\"wp-block-separator has-alpha-channel-opacity\"\/>\n\n\n\n<h3 class=\"wp-block-heading\">4. <strong>Ki\u1ec3m so\u00e1t ch\u1ea5t l\u01b0\u1ee3ng s\u1ea3n ph\u1ea9m<\/strong><\/h3>\n\n\n\n<ul class=\"wp-block-list\">\n<li>Ch\u00fang t\u00f4i \u0111\u1ea3m b\u1ea3o r\u1eb1ng c\u00e1c s\u1ea3n ph\u1ea9m c\u1ee7a ch\u00fang t\u00f4i \u0111\u00e1p \u1ee9ng c\u00e1c ti\u00eau chu\u1ea9n ch\u1ea5t l\u01b0\u1ee3ng \u0111\u00e3 \u0111\u01b0\u1ee3c quy \u0111\u1ecbnh tr\u01b0\u1edbc khi xu\u1ea5t x\u01b0\u1edfng.<\/li>\n\n\n\n<li>N\u1ebfu s\u1ea3n ph\u1ea9m b\u1ecb h\u01b0 h\u1ecfng, h\u1ecfng h\u00f3c ho\u1eb7c kh\u00f4ng \u0111\u00fang nh\u01b0 m\u00f4 t\u1ea3 khi nh\u1eadn h\u00e0ng, vui l\u00f2ng li\u00ean h\u1ec7 v\u1edbi ch\u00fang t\u00f4i trong v\u00f2ng <strong>48 gi\u1edd<\/strong> k\u00e8m theo b\u1eb1ng ch\u1ee9ng (h\u00ecnh \u1ea3nh ho\u1eb7c video).<\/li>\n\n\n\n<li>Ch\u00fang t\u00f4i s\u1ebd s\u1eafp x\u1ebfp vi\u1ec7c \u0111\u1ed5i h\u00e0ng, s\u1eeda ch\u1eefa ho\u1eb7c ho\u00e0n ti\u1ec1n theo Ch\u00ednh s\u00e1ch \u0110\u1ed5i tr\u1ea3 v\u00e0 Ho\u00e0n ti\u1ec1n c\u1ee7a ch\u00fang t\u00f4i.<\/li>\n<\/ul>\n\n\n\n<hr class=\"wp-block-separator has-alpha-channel-opacity\"\/>\n\n\n\n<h3 class=\"wp-block-heading\">5. <strong>Gi\u00e1 c\u1ea3 &amp; Thanh to\u00e1n<\/strong><\/h3>\n\n\n\n<ul class=\"wp-block-list\">\n<li>T\u1ea5t c\u1ea3 c\u00e1c gi\u00e1 tr\u00ean trang web c\u1ee7a ch\u00fang t\u00f4i \u0111\u01b0\u1ee3c hi\u1ec3n th\u1ecb b\u1eb1ng \u0111\u01a1n v\u1ecb ti\u1ec1n t\u1ec7 \u00e1p d\u1ee5ng v\u00e0 c\u00f3 th\u1ec3 bao g\u1ed3m ho\u1eb7c kh\u00f4ng bao g\u1ed3m thu\u1ebf, t\u00f9y thu\u1ed9c v\u00e0o v\u1ecb tr\u00ed c\u1ee7a b\u1ea1n.<\/li>\n\n\n\n<li>Thanh to\u00e1n ph\u1ea3i \u0111\u01b0\u1ee3c th\u1ef1c hi\u1ec7n \u0111\u1ea7y \u0111\u1ee7 tr\u01b0\u1edbc khi ch\u00fang t\u00f4i x\u1eed l\u00fd v\u00e0 giao h\u00e0ng cho \u0111\u01a1n h\u00e0ng c\u1ee7a qu\u00fd kh\u00e1ch.<\/li>\n\n\n\n<li>Ch\u00fang t\u00f4i ch\u1ea5p nh\u1eadn nhi\u1ec1u ph\u01b0\u01a1ng th\u1ee9c thanh to\u00e1n an to\u00e0n (nh\u01b0 \u0111\u01b0\u1ee3c hi\u1ec3n th\u1ecb t\u1ea1i trang thanh to\u00e1n).<\/li>\n<\/ul>\n\n\n\n<hr class=\"wp-block-separator has-alpha-channel-opacity\"\/>\n\n\n\n<h3 class=\"wp-block-heading\">6. <strong>Gi\u1edbi h\u1ea1n d\u1ecbch v\u1ee5<\/strong><\/h3>\n\n\n\n<ul class=\"wp-block-list\">\n<li>Ch\u00fang t\u00f4i kh\u00f4ng ch\u1ecbu tr\u00e1ch nhi\u1ec7m v\u1ec1 c\u00e1c tr\u01b0\u1eddng h\u1ee3p ch\u1eadm tr\u1ec5 ho\u1eb7c gi\u00e1n \u0111o\u1ea1n d\u1ecbch v\u1ee5 do c\u00e1c s\u1ef1 ki\u1ec7n n\u1eb1m ngo\u00e0i t\u1ea7m ki\u1ec3m so\u00e1t h\u1ee3p l\u00fd c\u1ee7a ch\u00fang t\u00f4i (s\u1ef1 ki\u1ec7n b\u1ea5t kh\u1ea3 kh\u00e1ng, thi\u00ean tai, ch\u1eadm tr\u1ec5 h\u1ea3i quan, \u0111\u00ecnh c\u00f4ng c\u1ee7a nh\u00e2n vi\u00ean giao h\u00e0ng, v.v.).<\/li>\n\n\n\n<li>Ch\u00fang t\u00f4i kh\u00f4ng \u0111\u1ea3m b\u1ea3o t\u00ednh kh\u1ea3 d\u1ee5ng li\u00ean t\u1ee5c c\u1ee7a trang web v\u00e0 c\u00f3 th\u1ec3 t\u1ea1m th\u1eddi ng\u1eebng cung c\u1ea5p d\u1ecbch v\u1ee5 \u0111\u1ec3 b\u1ea3o tr\u00ec ho\u1eb7c n\u00e2ng c\u1ea5p.<\/li>\n<\/ul>\n\n\n\n<hr class=\"wp-block-separator has-alpha-channel-opacity\"\/>\n\n\n\n<h3 class=\"wp-block-heading\">7. <strong>Quy\u1ec1n ri\u00eang t\u01b0 &amp; B\u1ea3o v\u1ec7 d\u1eef li\u1ec7u<\/strong><\/h3>\n\n\n\n<ul class=\"wp-block-list\">\n<li>Ch\u00fang t\u00f4i t\u00f4n tr\u1ecdng quy\u1ec1n ri\u00eang t\u01b0 c\u1ee7a b\u1ea1n v\u00e0 x\u1eed l\u00fd d\u1eef li\u1ec7u c\u00e1 nh\u00e2n c\u1ee7a b\u1ea1n theo ch\u00ednh s\u00e1ch c\u1ee7a ch\u00fang t\u00f4i. <strong>Ch\u00ednh s\u00e1ch b\u1ea3o m\u1eadt<\/strong>.<\/li>\n\n\n\n<li>Ch\u00fang t\u00f4i kh\u00f4ng b\u00e1n ho\u1eb7c cho thu\u00ea th\u00f4ng tin c\u00e1 nh\u00e2n c\u1ee7a b\u1ea1n cho b\u00ean th\u1ee9 ba.<\/li>\n<\/ul>\n\n\n\n<hr class=\"wp-block-separator has-alpha-channel-opacity\"\/>\n\n\n\n<h3 class=\"wp-block-heading\">8. <strong>Gi\u1ea3i quy\u1ebft tranh ch\u1ea5p<\/strong><\/h3>\n\n\n\n<ul class=\"wp-block-list\">\n<li>N\u1ebfu qu\u00fd kh\u00e1ch kh\u00f4ng h\u00e0i l\u00f2ng v\u1edbi d\u1ecbch v\u1ee5 c\u1ee7a ch\u00fang t\u00f4i, vui l\u00f2ng li\u00ean h\u1ec7 v\u1edbi ch\u00fang t\u00f4i tr\u01b0\u1edbc \u0111\u1ec3 gi\u1ea3i quy\u1ebft v\u1ea5n \u0111\u1ec1 m\u1ed9t c\u00e1ch th\u00e2n thi\u1ec7n.<\/li>\n\n\n\n<li>B\u1ea5t k\u1ef3 tranh ch\u1ea5p n\u00e0o kh\u00f4ng th\u1ec3 gi\u1ea3i quy\u1ebft th\u00f4ng qua th\u1ecfa thu\u1eadn chung s\u1ebd tu\u00e2n theo ph\u00e1p lu\u1eadt v\u00e0 th\u1ea9m quy\u1ec1n c\u1ee7a <strong>H\u00e0ng Ch\u00e2u, Trung Qu\u1ed1c<\/strong>.<\/li>\n<\/ul>\n\n\n\n<hr class=\"wp-block-separator has-alpha-channel-opacity\"\/>\n\n\n\n<h3 class=\"wp-block-heading\">9. <strong>Thay \u0111\u1ed5i \u0111\u1ed1i v\u1edbi Ch\u00ednh s\u00e1ch D\u1ecbch v\u1ee5 n\u00e0y<\/strong><\/h3>\n\n\n\n<p>Ch\u00fang t\u00f4i c\u00f3 th\u1ec3 c\u1eadp nh\u1eadt Ch\u00ednh s\u00e1ch D\u1ecbch v\u1ee5 n\u00e0y theo th\u1eddi gian. C\u00e1c b\u1ea3n c\u1eadp nh\u1eadt s\u1ebd \u0111\u01b0\u1ee3c \u0111\u0103ng t\u1ea3i tr\u00ean trang web c\u1ee7a ch\u00fang t\u00f4i, v\u00e0 vi\u1ec7c b\u1ea1n ti\u1ebfp t\u1ee5c s\u1eed d\u1ee5ng d\u1ecbch v\u1ee5 c\u1ee7a ch\u00fang t\u00f4i \u0111\u01b0\u1ee3c coi l\u00e0 s\u1ef1 ch\u1ea5p nh\u1eadn \u0111\u1ed1i v\u1edbi ch\u00ednh s\u00e1ch \u0111\u00e3 \u0111\u01b0\u1ee3c s\u1eeda \u0111\u1ed5i.<\/p>\n\n\n\n<hr class=\"wp-block-separator has-alpha-channel-opacity\"\/>\n\n\n\n<h3 class=\"wp-block-heading\">10. <strong>Li\u00ean h\u1ec7 v\u1edbi ch\u00fang t\u00f4i<\/strong><\/h3>\n\n\n\n<p>\u0110\u1ec3 gi\u1ea3i \u0111\u00e1p th\u1eafc m\u1eafc ho\u1eb7c ph\u1ea3n \u00e1nh v\u1ec1 Ch\u00ednh s\u00e1ch D\u1ecbch v\u1ee5 n\u00e0y, vui l\u00f2ng li\u00ean h\u1ec7:<\/p>\n\n\n\n<p><strong>C\u00f4ng ty TNHH C\u00f4ng ngh\u1ec7 M\u1ea7m \u0110\u1eadu Xanh<\/strong><br>S\u1ed1 39, \u0110\u01b0\u1eddng Xiangyuan, Qu\u1eadn Gongshu, Th\u00e0nh ph\u1ed1 H\u00e0ng Ch\u00e2u, Trung Qu\u1ed1c<br>\u0110i\u1ec7n tho\u1ea1i: <strong>+86 15068161430<\/strong><br>Email: <strong><a>79016759@qq.com<\/a><\/strong><br>Trang web: <strong><a class=\"\" href=\"http:\/\/www.beststeamshop.com\">www.beststeamshop.com<\/a><\/strong><\/p>","protected":false},"excerpt":{"rendered":"<p>Green Bean Sprout Technology Co., Ltd.Last Updated: August 11, 2025 At Green Bean Sprout Technology Co., Ltd. (\u201cwe,\u201d \u201cour,\u201d or<\/p>","protected":false},"author":1,"featured_media":0,"parent":0,"menu_order":0,"comment_status":"closed","ping_status":"closed","template":"","meta":{"footnotes":""},"class_list":["post-27218","page","type-page","status-publish","hentry"],"_hostinger_reach_plugin_has_subscription_block":false,"_hostinger_reach_plugin_is_elementor":false,"_links":{"self":[{"href":"https:\/\/greenbean-steam.com\/vi\/wp-json\/wp\/v2\/pages\/27218","targetHints":{"allow":["GET"]}}],"collection":[{"href":"https:\/\/greenbean-steam.com\/vi\/wp-json\/wp\/v2\/pages"}],"about":[{"href":"https:\/\/greenbean-steam.com\/vi\/wp-json\/wp\/v2\/types\/page"}],"author":[{"embeddable":true,"href":"https:\/\/greenbean-steam.com\/vi\/wp-json\/wp\/v2\/users\/1"}],"replies":[{"embeddable":true,"href":"https:\/\/greenbean-steam.com\/vi\/wp-json\/wp\/v2\/comments?post=27218"}],"version-history":[{"count":1,"href":"https:\/\/greenbean-steam.com\/vi\/wp-json\/wp\/v2\/pages\/27218\/revisions"}],"predecessor-version":[{"id":27219,"href":"https:\/\/greenbean-steam.com\/vi\/wp-json\/wp\/v2\/pages\/27218\/revisions\/27219"}],"wp:attachment":[{"href":"https:\/\/greenbean-steam.com\/vi\/wp-json\/wp\/v2\/media?parent=27218"}],"curies":[{"name":"wp","href":"https:\/\/api.w.org\/{rel}","templated":true}]}}