{"id":8680,"date":"2021-11-04T14:52:53","date_gmt":"2021-11-04T14:52:53","guid":{"rendered":"http:\/\/dummy.xtemos.com\/woodmart2\/elementor\/?page_id=8680"},"modified":"2025-10-11T02:25:09","modified_gmt":"2025-10-11T02:25:09","slug":"about-us","status":"publish","type":"page","link":"https:\/\/greenbean-steam.com\/vi\/about-us\/","title":{"rendered":"Gi\u1edbi thi\u1ec7u v\u1ec1 ch\u00fang t\u00f4i"},"content":{"rendered":"<div data-elementor-type=\"wp-page\" data-elementor-id=\"8680\" class=\"elementor elementor-8680\">\n\t\t\t\t<div class=\"wd-negative-gap elementor-element elementor-element-369ab8f wd-section-stretch e-flex e-con-boxed e-con e-parent\" data-id=\"369ab8f\" data-element_type=\"container\" data-settings=\"{&quot;background_background&quot;:&quot;classic&quot;}\">\n\t\t\t\t\t<div class=\"e-con-inner\">\n\t\t<div class=\"elementor-element elementor-element-7f57c8a e-con-full e-flex e-con e-child\" data-id=\"7f57c8a\" data-element_type=\"container\">\n\t\t\t\t<div class=\"elementor-element elementor-element-903a87a wd-width-100 elementor-widget elementor-widget-wd_title\" data-id=\"903a87a\" data-element_type=\"widget\" data-widget_type=\"wd_title.default\">\n\t\t\t\t<div class=\"elementor-widget-container\">\n\t\t\t\t\t\t\t<div class=\"title-wrapper wd-set-mb reset-last-child wd-title-color-default wd-title-style-default wd-title-size-large text-left\">\n\n\t\t\t\n\t\t\t<div class=\"liner-continer\">\n\t\t\t\t<h4 class=\"woodmart-title-container title wd-fontsize-xxl\">Gi\u1edbi thi\u1ec7u v\u1ec1 ch\u00fang t\u00f4i<\/h4> \n\t\t\t\t\t\t\t<\/div>\n\n\t\t\t\t\t<\/div>\n\t\t\t\t\t\t<\/div>\n\t\t\t\t<\/div>\n\t\t\t\t<\/div>\n\t\t<div class=\"elementor-element elementor-element-48d005c e-con-full e-flex e-con e-child\" data-id=\"48d005c\" data-element_type=\"container\">\n\t\t\t\t<div class=\"elementor-element elementor-element-2aafd3e elementor-widget__width-initial elementor-widget elementor-widget-wd_infobox\" data-id=\"2aafd3e\" data-element_type=\"widget\" data-widget_type=\"wd_infobox.default\">\n\t\t\t\t<div class=\"elementor-widget-container\">\n\t\t\t\t\t\t\t<div class=\"info-box-wrapper\">\n\t\t\t<div class=\"wd-info-box text-left box-icon-align-left box-style-base color-scheme- wd-items-top\">\n\t\t\t\t\t\t\t\t\t<div class=\"box-icon-wrapper  box-with-icon box-icon-with-border\">\n\t\t\t\t\t\t<div class=\"info-box-icon\">\n\t\t\t\t\t\t\t\t\t\t\t\t\t\t\t<div class=\"info-svg-wrapper\" style=\"width:42px; height:42px;\"><img loading=\"lazy\" decoding=\"async\"  src=\"https:\/\/greenbean-steam.com\/wp-content\/uploads\/2021\/11\/about-us-4-happy-clients.svg\" title=\"Gi\u1edbi thi\u1ec7u v\u1ec1 ch\u00fang t\u00f4i - 4 kh\u00e1ch h\u00e0ng h\u00e0i l\u00f2ng\" width=\"42\" height=\"42\"><\/div>\t\t\t\t\t\t\t\t\t\t\t\t\t<\/div>\n\t\t\t\t\t<\/div>\n\t\t\t\t\n\t\t\t\t<div class=\"info-box-content\">\n\t\t\t\t\t\n\t\t\t\t\t\t\t\t\t\t\t<h4\t\t\t\t\t\tclass=\"info-box-title title box-title-style-default wd-fontsize-m\" data-elementor-setting-key=\"title\">\n\t\t\t\t\t\t\t\tKh\u1ed1i l\u1eadp tr\u00ecnh t\u00f9y ch\u1ec9nh\t\t\t\t\t\t<\/h4>\n\t\t\t\t\t\n\t\t\t\t\t<div class=\"info-box-inner reset-last-child\"data-elementor-setting-key=\"content\"><p>Ch\u00fang t\u00f4i c\u00f3 th\u1ec3 thi\u1ebft k\u1ebf v\u00e0 s\u1ea3n xu\u1ea5t c\u00e1c kh\u1ed1i l\u1eadp tr\u00ecnh t\u00f9y ch\u1ec9nh theo y\u00eau c\u1ea7u c\u1ee7a qu\u00fd tr\u01b0\u1eddng, cung c\u1ea5p cho qu\u00fd tr\u01b0\u1eddng nh\u1eefng s\u1ea3n ph\u1ea9m \u0111\u1ed9c quy\u1ec1n.<\/p>\n<\/div>\n\n\t\t\t\t\t\t\t\t\t<\/div>\n\n\t\t\t\t\t\t\t\t\t<a href=\"#\" class=\"wd-info-box-link wd-fill\" aria-label=\"Infobox link\"><\/a>\n\t\t\t\t\t\t\t<\/div>\n\t\t<\/div>\n\t\t\t\t\t\t<\/div>\n\t\t\t\t<\/div>\n\t\t\t\t<div class=\"elementor-element elementor-element-06bc2ec elementor-widget__width-initial elementor-widget elementor-widget-wd_infobox\" data-id=\"06bc2ec\" data-element_type=\"widget\" data-widget_type=\"wd_infobox.default\">\n\t\t\t\t<div class=\"elementor-widget-container\">\n\t\t\t\t\t\t\t<div class=\"info-box-wrapper\">\n\t\t\t<div class=\"wd-info-box text-left box-icon-align-left box-style-base color-scheme- wd-items-top\">\n\t\t\t\t\t\t\t\t\t<div class=\"box-icon-wrapper  box-with-icon box-icon-with-border\">\n\t\t\t\t\t\t<div class=\"info-box-icon\">\n\t\t\t\t\t\t\t\t\t\t\t\t\t\t\t<div class=\"info-svg-wrapper\" style=\"width:42px; height:42px;\"><img loading=\"lazy\" decoding=\"async\"  src=\"https:\/\/greenbean-steam.com\/wp-content\/uploads\/2021\/11\/about-us-4-finished-works.svg\" title=\"Gi\u1edbi thi\u1ec7u v\u1ec1 ch\u00fang t\u00f4i - 4 D\u1ef1 \u00e1n \u0111\u00e3 ho\u00e0n th\u00e0nh\" width=\"42\" height=\"42\"><\/div>\t\t\t\t\t\t\t\t\t\t\t\t\t<\/div>\n\t\t\t\t\t<\/div>\n\t\t\t\t\n\t\t\t\t<div class=\"info-box-content\">\n\t\t\t\t\t\n\t\t\t\t\t\t\t\t\t\t\t<h4\t\t\t\t\t\tclass=\"info-box-title title box-title-style-default wd-fontsize-m\" data-elementor-setting-key=\"title\">\n\t\t\t\t\t\t\t\tB\u1ed9 c\u00f4ng c\u1ee5 l\u1eadp tr\u00ecnh theo ch\u1ee7 \u0111\u1ec1\t\t\t\t\t\t<\/h4>\n\t\t\t\t\t\n\t\t\t\t\t<div class=\"info-box-inner reset-last-child\"data-elementor-setting-key=\"content\"><p>T\u1eeb xe th\u00f4ng minh \u0111\u1ebfn l\u00e2u \u0111\u00e0i robot. Ch\u00fang t\u00f4i ra m\u1eaft c\u00e1c b\u1ed9 kit d\u1ef1 \u00e1n theo chu\u1ed7i, \u0111\u01b0\u1ee3c thi\u1ebft k\u1ebf \u0111\u1ec3 mang l\u1ea1i c\u1ea3m h\u1ee9ng v\u00e0 ki\u1ebfn th\u1ee9c c\u00f3 h\u1ec7 th\u1ed1ng cho m\u1ecdi s\u00e1ng t\u1ea1o.<\/p>\n<\/div>\n\n\t\t\t\t\t\t\t\t\t<\/div>\n\n\t\t\t\t\t\t\t\t\t<a href=\"#\" class=\"wd-info-box-link wd-fill\" aria-label=\"Infobox link\"><\/a>\n\t\t\t\t\t\t\t<\/div>\n\t\t<\/div>\n\t\t\t\t\t\t<\/div>\n\t\t\t\t<\/div>\n\t\t\t\t<\/div>\n\t\t\t\t\t<\/div>\n\t\t\t\t<\/div>\n\t\t<div class=\"wd-negative-gap elementor-element elementor-element-2537a7c e-flex e-con-boxed e-con e-parent\" data-id=\"2537a7c\" data-element_type=\"container\">\n\t\t\t\t\t<div class=\"e-con-inner\">\n\t\t<div class=\"elementor-element elementor-element-5e7e632 e-con-full e-flex e-con e-child\" data-id=\"5e7e632\" data-element_type=\"container\">\n\t\t\t\t<div class=\"elementor-element elementor-element-0260e79 elementor-widget elementor-widget-wd_image_or_svg\" data-id=\"0260e79\" data-element_type=\"widget\" data-widget_type=\"wd_image_or_svg.default\">\n\t\t\t\t<div class=\"elementor-widget-container\">\n\t\t\t\t\t\n\t\t<div class=\"wd-image text-left\">\n\t\t\t\t\t\t\t\t<img fetchpriority=\"high\" decoding=\"async\" width=\"2560\" height=\"1920\" src=\"https:\/\/greenbean-steam.com\/wp-content\/uploads\/2025\/10\/\u5fae\u4fe1\u56fe\u7247_20251011101319_72_306-scaled.jpg\" class=\"attachment-full size-full\" alt=\"\" srcset=\"https:\/\/greenbean-steam.com\/wp-content\/uploads\/2025\/10\/\u5fae\u4fe1\u56fe\u7247_20251011101319_72_306-scaled.jpg 2560w, https:\/\/greenbean-steam.com\/wp-content\/uploads\/2025\/10\/\u5fae\u4fe1\u56fe\u7247_20251011101319_72_306-400x300.jpg 400w, https:\/\/greenbean-steam.com\/wp-content\/uploads\/2025\/10\/\u5fae\u4fe1\u56fe\u7247_20251011101319_72_306-1067x800.jpg 1067w, https:\/\/greenbean-steam.com\/wp-content\/uploads\/2025\/10\/\u5fae\u4fe1\u56fe\u7247_20251011101319_72_306-768x576.jpg 768w, https:\/\/greenbean-steam.com\/wp-content\/uploads\/2025\/10\/\u5fae\u4fe1\u56fe\u7247_20251011101319_72_306-1536x1152.jpg 1536w, https:\/\/greenbean-steam.com\/wp-content\/uploads\/2025\/10\/\u5fae\u4fe1\u56fe\u7247_20251011101319_72_306-2048x1536.jpg 2048w, https:\/\/greenbean-steam.com\/wp-content\/uploads\/2025\/10\/\u5fae\u4fe1\u56fe\u7247_20251011101319_72_306-16x12.jpg 16w, https:\/\/greenbean-steam.com\/wp-content\/uploads\/2025\/10\/\u5fae\u4fe1\u56fe\u7247_20251011101319_72_306-430x323.jpg 430w, https:\/\/greenbean-steam.com\/wp-content\/uploads\/2025\/10\/\u5fae\u4fe1\u56fe\u7247_20251011101319_72_306-700x525.jpg 700w, https:\/\/greenbean-steam.com\/wp-content\/uploads\/2025\/10\/\u5fae\u4fe1\u56fe\u7247_20251011101319_72_306-150x113.jpg 150w\" sizes=\"(max-width: 2560px) 100vw, 2560px\" \/>\t\t\t\t\t<\/div>\n\n\t\t\t\t\t\t<\/div>\n\t\t\t\t<\/div>\n\t\t\t\t<\/div>\n\t\t<div class=\"elementor-element elementor-element-3420b3e e-con-full e-flex e-con e-child\" data-id=\"3420b3e\" data-element_type=\"container\">\n\t\t\t\t<div class=\"elementor-element elementor-element-8dad21e wd-width-100 elementor-widget elementor-widget-wd_title\" data-id=\"8dad21e\" data-element_type=\"widget\" data-widget_type=\"wd_title.default\">\n\t\t\t\t<div class=\"elementor-widget-container\">\n\t\t\t\t\t\t\t<div class=\"title-wrapper wd-set-mb reset-last-child wd-title-color-default wd-title-style-default wd-title-size-large text-left\">\n\n\t\t\t\n\t\t\t<div class=\"liner-continer\">\n\t\t\t\t<h4 class=\"woodmart-title-container title wd-fontsize-xxl\">M\u00e3 ngu\u1ed3n x\u00e2y d\u1ef1ng gi\u1ea5c m\u01a1, s\u1ef1 s\u00e1ng t\u1ea1o th\u1eafp s\u00e1ng t\u01b0\u01a1ng lai.<\/h4> \n\t\t\t\t\t\t\t<\/div>\n\n\t\t\t\t\t\t\t<div class=\"title-after_title reset-last-child wd-fontsize-s\">\n\t\t\t\t\t<p>Trong b\u1ed1i c\u1ea3nh c\u00f4ng ngh\u1ec7 \u0111ang thay \u0111\u1ed5i nhanh ch\u00f3ng ng\u00e0y nay, ch\u00fang t\u00f4i cam k\u1ebft kh\u01a1i d\u1eady l\u00f2ng d\u0169ng c\u1ea3m \u0111\u1ec3 kh\u00e1m ph\u00e1 v\u00e0 ni\u1ec1m vui s\u00e1ng t\u1ea1o th\u00f4ng qua c\u00e1c kh\u1ed1i l\u1eadp tr\u00ecnh \u0111\u01b0\u1ee3c thi\u1ebft k\u1ebf ch\u00ednh x\u00e1c c\u1ee7a m\u00ecnh.<\/p><p>Ch\u00fang t\u00f4i chuy\u00ean ph\u00e1t tri\u1ec3n c\u00e1c th\u00e0nh ph\u1ea7n l\u1eadp tr\u00ecnh m\u00f4-\u0111un cao c\u1ea5p\u2014t\u1eeb c\u00e1c c\u1ea5u tr\u00fac c\u01a1 kh\u00ed c\u01a1 b\u1ea3n \u0111\u1ebfn c\u00e1c \u0111\u01a1n v\u1ecb th\u00f4ng minh t\u00edch h\u1ee3p tr\u00ed tu\u1ec7 nh\u00e2n t\u1ea1o (AI). M\u1ed7i m\u00f4-\u0111un \u0111\u01b0\u1ee3c c\u00e1c k\u1ef9 s\u01b0 c\u1ee7a ch\u00fang t\u00f4i hi\u1ec7u ch\u1ec9nh c\u1ea9n th\u1eadn v\u00e0 s\u1ea3n xu\u1ea5t th\u00f4ng qua quy tr\u00ecnh \u0111\u00fac \u00e9p ch\u00ednh x\u00e1c v\u00e0 ki\u1ec3m so\u00e1t ch\u1ea5t l\u01b0\u1ee3ng nghi\u00eam ng\u1eb7t, \u0111\u1ea3m b\u1ea3o \u0111\u1ed9 tin c\u1eady v\u00e0 t\u1ea1o n\u1ec1n t\u1ea3ng v\u1eefng ch\u1eafc cho c\u00e1c l\u1edbp h\u1ecdc v\u00e0 d\u1ef1 \u00e1n s\u00e1ng t\u1ea1o.<\/p><p>D\u00f9 b\u1ea1n l\u00e0 m\u1ed9t c\u01a1 s\u1edf gi\u00e1o d\u1ee5c \u0111ang t\u00ecm c\u00e1ch c\u00e1ch m\u1ea1ng h\u00f3a ch\u01b0\u01a1ng tr\u00ecnh gi\u1ea3ng d\u1ea1y STEM hay l\u00e0 m\u1ed9t ph\u1ee5 huynh mu\u1ed1n khai ph\u00e1 ti\u1ec1m n\u0103ng c\u1ee7a con m\u00ecnh, b\u1ea1n s\u1ebd t\u00ecm th\u1ea5y c\u00e1c gi\u1ea3i ph\u00e1p \u0111\u00e1ng tin c\u1eady t\u1ea1i \u0111\u00e2y.<br \/>Ch\u00fang t\u00f4i tin t\u01b0\u1edfng v\u1eefng ch\u1eafc r\u1eb1ng m\u1ed7i d\u00f2ng m\u00e3 v\u00e0 m\u1ed7i h\u00e0nh \u0111\u1ed9ng l\u1eafp r\u00e1p \u0111\u1ec1u ch\u1ee9a \u0111\u1ef1ng ti\u1ec1m n\u0103ng thay \u0111\u1ed5i th\u1ebf gi\u1edbi. C\u00e1c kh\u1ed1i c\u1ee7a ch\u00fang t\u00f4i \u0111\u01b0\u1ee3c thi\u1ebft k\u1ebf \u0111\u1ec3 kh\u01a1i d\u1eady ti\u1ec1m n\u0103ng n\u00e0y, t\u00edch h\u1ee3p t\u01b0 duy logic v\u00e0 s\u1ef1 s\u00e1ng t\u1ea1o v\u00f4 h\u1ea1n v\u00e0o t\u1eebng b\u01b0\u1edbc ph\u00e1t tri\u1ec3n.<\/p>\t\t\t\t<\/div>\n\t\t\t\t\t<\/div>\n\t\t\t\t\t\t<\/div>\n\t\t\t\t<\/div>\n\t\t\t\t<\/div>\n\t\t\t\t\t<\/div>\n\t\t\t\t<\/div>\n\t\t\t\t<\/div>","protected":false},"excerpt":{"rendered":"<p>About Us Custom Programming Blocks We can design and produce customized programming blocks according to your requirements, providing your school<\/p>","protected":false},"author":1,"featured_media":0,"parent":0,"menu_order":0,"comment_status":"closed","ping_status":"closed","template":"","meta":{"footnotes":""},"class_list":["post-8680","page","type-page","status-publish","hentry"],"_hostinger_reach_plugin_has_subscription_block":false,"_hostinger_reach_plugin_is_elementor":false,"_links":{"self":[{"href":"https:\/\/greenbean-steam.com\/vi\/wp-json\/wp\/v2\/pages\/8680","targetHints":{"allow":["GET"]}}],"collection":[{"href":"https:\/\/greenbean-steam.com\/vi\/wp-json\/wp\/v2\/pages"}],"about":[{"href":"https:\/\/greenbean-steam.com\/vi\/wp-json\/wp\/v2\/types\/page"}],"author":[{"embeddable":true,"href":"https:\/\/greenbean-steam.com\/vi\/wp-json\/wp\/v2\/users\/1"}],"replies":[{"embeddable":true,"href":"https:\/\/greenbean-steam.com\/vi\/wp-json\/wp\/v2\/comments?post=8680"}],"version-history":[{"count":16,"href":"https:\/\/greenbean-steam.com\/vi\/wp-json\/wp\/v2\/pages\/8680\/revisions"}],"predecessor-version":[{"id":27426,"href":"https:\/\/greenbean-steam.com\/vi\/wp-json\/wp\/v2\/pages\/8680\/revisions\/27426"}],"wp:attachment":[{"href":"https:\/\/greenbean-steam.com\/vi\/wp-json\/wp\/v2\/media?parent=8680"}],"curies":[{"name":"wp","href":"https:\/\/api.w.org\/{rel}","templated":true}]}}